{"id":34,"date":"2024-12-05T16:39:23","date_gmt":"2024-12-05T16:39:23","guid":{"rendered":"https:\/\/eoworks.ca\/?page_id=34"},"modified":"2025-02-12T13:25:02","modified_gmt":"2025-02-12T13:25:02","slug":"accessibilite","status":"publish","type":"page","link":"https:\/\/eoworks.ca\/fr\/accessibility\/","title":{"rendered":"Accessibilit\u00e9"},"content":{"rendered":"<div data-elementor-type=\"wp-page\" data-elementor-id=\"34\" class=\"elementor elementor-34\" data-elementor-post-type=\"page\">\n\t\t\t\t<div class=\"elementor-element elementor-element-9b5674d e-con-full top-container e-flex e-con e-parent\" data-id=\"9b5674d\" data-element_type=\"container\" data-e-type=\"container\">\n\t\t\t\t<div class=\"elementor-element elementor-element-fe70160 elementor-widget elementor-widget-image\" data-id=\"fe70160\" data-element_type=\"widget\" data-e-type=\"widget\" data-widget_type=\"image.default\">\n\t\t\t\t<div class=\"elementor-widget-container\">\n\t\t\t\t\t\t\t\t\t\t\t\t\t\t\t<img decoding=\"async\" data-src=\"https:\/\/eoworks.ca\/wp-content\/uploads\/2024\/12\/image.jpg\" title=\"Diverse Team Celebrating Success\" alt=\"Diverse Team Celebrating Success\" src=\"data:image\/svg+xml;base64,PHN2ZyB3aWR0aD0iMSIgaGVpZ2h0PSIxIiB4bWxucz0iaHR0cDovL3d3dy53My5vcmcvMjAwMC9zdmciPjwvc3ZnPg==\" class=\"lazyload\" style=\"--smush-placeholder-width: 1440px; --smush-placeholder-aspect-ratio: 1440\/500;\" \/>\t\t\t\t\t\t\t\t\t\t\t\t\t\t\t<\/div>\n\t\t\t\t<\/div>\n\t\t\t\t<div class=\"elementor-element elementor-element-d8325b4 fs-3 fw-normal top-title bg-green py-4 text-white elementor-widget elementor-widget-heading\" data-id=\"d8325b4\" data-element_type=\"widget\" data-e-type=\"widget\" data-widget_type=\"heading.default\">\n\t\t\t\t<div class=\"elementor-widget-container\">\n\t\t\t\t\t<h1 class=\"elementor-heading-title elementor-size-default\">Accessibilit\u00e9<\/h1>\t\t\t\t<\/div>\n\t\t\t\t<\/div>\n\t\t\t\t<\/div>\n\t\t<div class=\"elementor-element elementor-element-0e264d5 py-5 e-flex e-con-boxed e-con e-parent\" data-id=\"0e264d5\" data-element_type=\"container\" data-e-type=\"container\">\n\t\t\t\t\t<div class=\"e-con-inner\">\n\t\t\t\t<div class=\"elementor-element elementor-element-482c6eb fs-1 elementor-widget elementor-widget-heading\" data-id=\"482c6eb\" data-element_type=\"widget\" data-e-type=\"widget\" data-widget_type=\"heading.default\">\n\t\t\t\t<div class=\"elementor-widget-container\">\n\t\t\t\t\t<h2 class=\"elementor-heading-title elementor-size-default\">Notre engagement envers la diversit\u00e9 et l\u2019accessibilit\u00e9<\/h2>\t\t\t\t<\/div>\n\t\t\t\t<\/div>\n\t\t\t\t<div class=\"elementor-element elementor-element-2d12a78 elementor-widget elementor-widget-text-editor\" data-id=\"2d12a78\" data-element_type=\"widget\" data-e-type=\"widget\" data-widget_type=\"text-editor.default\">\n\t\t\t\t<div class=\"elementor-widget-container\">\n\t\t\t\t\t\t\t\t\tWCG s'engage \u00e0 respecter tous les aspects de l'accessibilit\u00e9 pour les personnes servies, le personnel et les parties prenantes, et s'efforce de garantir que tous les emplacements appartenant \u00e0 ou exploiter par WCG offrent des services, des aides, des environnements et des emplois sans obstacle. WCG reconna\u00eet que les principes fondamentaux de l'accessibilit\u00e9 sont l\u2019autonomie, la dignit\u00e9, l'int\u00e9gration et l'\u00e9galit\u00e9. Chaque employ\u00e9 de WCG veille \u00e0 honorer cet engagement. Notre\u00a0<a class=\"link-red-wine\" href=\"\/fr\/politique-d-accessibilite\/\">politique d'accessibilit\u00e9<\/a>\u00a0contient notre promesse de fournir des services accessibles.\t\t\t\t\t\t\t\t<\/div>\n\t\t\t\t<\/div>\n\t\t\t\t<div class=\"elementor-element elementor-element-cc956a8 fs-1 elementor-widget elementor-widget-heading\" data-id=\"cc956a8\" data-element_type=\"widget\" data-e-type=\"widget\" data-widget_type=\"heading.default\">\n\t\t\t\t<div class=\"elementor-widget-container\">\n\t\t\t\t\t<h2 class=\"elementor-heading-title elementor-size-default\">Information et communication<\/h2>\t\t\t\t<\/div>\n\t\t\t\t<\/div>\n\t\t\t\t<div class=\"elementor-element elementor-element-ce9a34b elementor-widget elementor-widget-text-editor\" data-id=\"ce9a34b\" data-element_type=\"widget\" data-e-type=\"widget\" data-widget_type=\"text-editor.default\">\n\t\t\t\t<div class=\"elementor-widget-container\">\n\t\t\t\t\t\t\t\t\t<p>Chez WCG, nous rendons la communication accessible \u00e0 tous. Sur demande, WCG fournit des informations dans des formats et des aides de communication accessibles, sans frais et dans les meilleurs d\u00e9lais. Nous travaillons en collaboration avec les personnes pour d\u00e9terminer la meilleure fa\u00e7on de r\u00e9pondre \u00e0 leurs besoins. Lorsque n\u00e9cessaire, WCG fait appel \u00e0 des partenaires communautaires sp\u00e9cialis\u00e9s en communication. Nous informons le public de la disponibilit\u00e9 des formats accessibles et des aides \u00e0 la communication par le biais de la page Accessibilit\u00e9 de notre site Web.<\/p>\t\t\t\t\t\t\t\t<\/div>\n\t\t\t\t<\/div>\n\t\t\t\t<div class=\"elementor-element elementor-element-737b3ac fs-1 elementor-widget elementor-widget-heading\" data-id=\"737b3ac\" data-element_type=\"widget\" data-e-type=\"widget\" data-widget_type=\"heading.default\">\n\t\t\t\t<div class=\"elementor-widget-container\">\n\t\t\t\t\t<h2 class=\"elementor-heading-title elementor-size-default\">Perturbations des services<\/h2>\t\t\t\t<\/div>\n\t\t\t\t<\/div>\n\t\t\t\t<div class=\"elementor-element elementor-element-27e9cad elementor-widget elementor-widget-text-editor\" data-id=\"27e9cad\" data-element_type=\"widget\" data-e-type=\"widget\" data-widget_type=\"text-editor.default\">\n\t\t\t\t<div class=\"elementor-widget-container\">\n\t\t\t\t\t\t\t\t\t<p>WCG fournit \u00e0 ses clients un pr\u00e9avis aussi long que possible en cas de perturbation de services planifi\u00e9e. En cas de perturbation de services impr\u00e9vue ou de fermeture de bureau, WCG publie imm\u00e9diatement un avis. Cet avis indique les raisons de la perturbation, la dur\u00e9e pr\u00e9vue de la perturbation et une description des installations ou des services de remplacement, le cas \u00e9ch\u00e9ant.<\/p>\t\t\t\t\t\t\t\t<\/div>\n\t\t\t\t<\/div>\n\t\t\t\t\t<\/div>\n\t\t\t\t<\/div>\n\t\t\t\t<\/div>","protected":false},"excerpt":{"rendered":"<p>Accessibility Our commitment to diversity and accessibility WCG is committed to conform to all aspects of accessibility for persons served, personnel and stakeholders, and strives to ensure that all locations owned or operated by WCG provide barrier-free services, supports, environments and employment. WCG recognizes that the key principles of accessibility are independence, dignity, integration, and [&hellip;]<\/p>\n","protected":false},"author":2,"featured_media":0,"parent":0,"menu_order":0,"comment_status":"closed","ping_status":"closed","template":"","meta":{"footnotes":""},"class_list":["post-34","page","type-page","status-publish","hentry"],"featured_image_src":null,"featured_image_src_square":null,"_links":{"self":[{"href":"https:\/\/eoworks.ca\/fr\/wp-json\/wp\/v2\/pages\/34","targetHints":{"allow":["GET"]}}],"collection":[{"href":"https:\/\/eoworks.ca\/fr\/wp-json\/wp\/v2\/pages"}],"about":[{"href":"https:\/\/eoworks.ca\/fr\/wp-json\/wp\/v2\/types\/page"}],"author":[{"embeddable":true,"href":"https:\/\/eoworks.ca\/fr\/wp-json\/wp\/v2\/users\/2"}],"replies":[{"embeddable":true,"href":"https:\/\/eoworks.ca\/fr\/wp-json\/wp\/v2\/comments?post=34"}],"version-history":[{"count":0,"href":"https:\/\/eoworks.ca\/fr\/wp-json\/wp\/v2\/pages\/34\/revisions"}],"wp:attachment":[{"href":"https:\/\/eoworks.ca\/fr\/wp-json\/wp\/v2\/media?parent=34"}],"curies":[{"name":"wp","href":"https:\/\/api.w.org\/{rel}","templated":true}]}}