{"id":31,"date":"2024-12-05T16:34:46","date_gmt":"2024-12-05T16:34:46","guid":{"rendered":"https:\/\/eoworks.ca\/?page_id=31"},"modified":"2025-05-27T19:24:05","modified_gmt":"2025-05-27T19:24:05","slug":"commencez-votre-parcours","status":"publish","type":"page","link":"https:\/\/eoworks.ca\/fr\/begin-your-journey\/","title":{"rendered":"Commencez votre parcours"},"content":{"rendered":"<div data-elementor-type=\"wp-post\" data-elementor-id=\"31\" class=\"elementor elementor-31\" data-elementor-post-type=\"page\">\n\t\t\t\t<div class=\"elementor-element elementor-element-3ed9cd5 byj py-5 e-flex e-con-boxed e-con e-parent\" data-id=\"3ed9cd5\" data-element_type=\"container\" data-e-type=\"container\">\n\t\t\t\t\t<div class=\"e-con-inner\">\n\t\t\t\t<div class=\"elementor-element elementor-element-02ebe3b fs-1 mb-3 mb-xl-5 elementor-widget elementor-widget-heading\" data-id=\"02ebe3b\" data-element_type=\"widget\" data-e-type=\"widget\" data-widget_type=\"heading.default\">\n\t\t\t\t<div class=\"elementor-widget-container\">\n\t\t\t\t\t<h1 class=\"elementor-heading-title elementor-size-default\">Trouvez un emploi qui vous convient !<\/h1>\t\t\t\t<\/div>\n\t\t\t\t<\/div>\n\t\t<div class=\"elementor-element elementor-element-299a722 e-con-full bg-white p-4 p-xl-5 rounded-5 mb-5 e-flex e-con e-child\" data-id=\"299a722\" data-element_type=\"container\" data-e-type=\"container\" id=\"byj-box-1\">\n\t\t\t\t<div class=\"elementor-element elementor-element-09ce954 fs-2 elementor-widget elementor-widget-heading\" data-id=\"09ce954\" data-element_type=\"widget\" data-e-type=\"widget\" data-widget_type=\"heading.default\">\n\t\t\t\t<div class=\"elementor-widget-container\">\n\t\t\t\t\t<h2 class=\"elementor-heading-title elementor-size-default\">Commencer<\/h2>\t\t\t\t<\/div>\n\t\t\t\t<\/div>\n\t\t\t\t<div class=\"elementor-element elementor-element-4a4120f elementor-widget elementor-widget-text-editor\" data-id=\"4a4120f\" data-element_type=\"widget\" data-e-type=\"widget\" data-widget_type=\"text-editor.default\">\n\t\t\t\t<div class=\"elementor-widget-container\">\n\t\t\t\t\t\t\t\t\t<p><span style=\"color: #941037;\"><b>Crit\u00e8res d'admissibilit\u00e9 au programme<\/b><\/span><br \/><br \/>Vous devez avoir l'\u00e2ge l\u00e9gal pour travailler, \u00eatre r\u00e9sident de l'Ontario et \u00eatre admissible \u00e0 travailler au Canada. Veuillez noter que les \u00e9tudiants \u00e9trangers ou les travailleurs \u00e9trangers temporaires ne sont pas admissibles.<\/p>\t\t\t\t\t\t\t\t<\/div>\n\t\t\t\t<\/div>\n\t\t\t\t<div class=\"elementor-element elementor-element-10e89ee fs-2 elementor-widget elementor-widget-heading\" data-id=\"10e89ee\" data-element_type=\"widget\" data-e-type=\"widget\" data-widget_type=\"heading.default\">\n\t\t\t\t<div class=\"elementor-widget-container\">\n\t\t\t\t\t<h2 class=\"elementor-heading-title elementor-size-default\">Obtenez l'aide gratuite d'un conseiller en emploi <\/h2>\t\t\t\t<\/div>\n\t\t\t\t<\/div>\n\t\t\t\t<div class=\"elementor-element elementor-element-aa46b65 elementor-widget elementor-widget-text-editor\" data-id=\"aa46b65\" data-element_type=\"widget\" data-e-type=\"widget\" data-widget_type=\"text-editor.default\">\n\t\t\t\t<div class=\"elementor-widget-container\">\n\t\t\t\t\t\t\t\t\t<p class=\"translation-block\">B\u00e9n\u00e9ficiez de <strong>l'aide gratuite d'un conseiller en emploi <\/strong>qui vous accompagnera individuellement, notamment pour :<\/p>\n\n<ul>\n \t<li>\n<p>R\u00e9diger votre r\u00e9sum\u00e9<\/p>\n<\/li>\n \t<li>\n<p>Formation aux entrevues<\/p>\n<\/li>\n \t<li>\n<p\">Acqu\u00e9rir des comp\u00e9tences<\/p>\n<\/li>\n \t<li>\n<p>Aide \u00e0 la recherche d'emploi<\/p>\n<\/li>\n<\/ul>\t\t\t\t\t\t\t\t<\/div>\n\t\t\t\t<\/div>\n\t\t\t\t<\/div>\n\t\t<div class=\"elementor-element elementor-element-a6acf6a e-con-full bg-white p-4 p-xl-5 rounded-5 mb-5 e-flex e-con e-child\" data-id=\"a6acf6a\" data-element_type=\"container\" data-e-type=\"container\" id=\"byj-box-2\">\n\t\t\t\t<div class=\"elementor-element elementor-element-0520b5f fs-2 elementor-widget elementor-widget-heading\" data-id=\"0520b5f\" data-element_type=\"widget\" data-e-type=\"widget\" data-widget_type=\"heading.default\">\n\t\t\t\t<div class=\"elementor-widget-container\">\n\t\t\t\t\t<h2 class=\"elementor-heading-title elementor-size-default\">Communiquez avec un fournisseur de services<\/h2>\t\t\t\t<\/div>\n\t\t\t\t<\/div>\n\t\t\t\t<div class=\"elementor-element elementor-element-ebe672d elementor-widget elementor-widget-text-editor\" data-id=\"ebe672d\" data-element_type=\"widget\" data-e-type=\"widget\" data-widget_type=\"text-editor.default\">\n\t\t\t\t<div class=\"elementor-widget-container\">\n\t\t\t\t\t\t\t\t\t<span style=\"color: #941037;\"><b>Vous cherchez le bureau d'Emploi Ontario le plus proche ? <\/b><\/span>\n<br><br>\nD\u00e9couvrez tous nos emplacements et les services qu'ils offrent. <a class=\"text-decoration-underline link-red-wine\" href=\"\/fr\/chercheurs-d-emploi\/emplacements\/\">Visitez la page des emplacements.<\/a>\t\t\t\t\t\t\t\t<\/div>\n\t\t\t\t<\/div>\n\t\t\t\t<\/div>\n\t\t<div class=\"elementor-element elementor-element-775604e e-con-full bg-white p-4 p-xl-5 rounded-5 mb-5 e-flex e-con e-child\" data-id=\"775604e\" data-element_type=\"container\" data-e-type=\"container\" id=\"byj-box-3\">\n\t\t\t\t<div class=\"elementor-element elementor-element-9c4f502 fs-2 elementor-widget elementor-widget-heading\" data-id=\"9c4f502\" data-element_type=\"widget\" data-e-type=\"widget\" data-widget_type=\"heading.default\">\n\t\t\t\t<div class=\"elementor-widget-container\">\n\t\t\t\t\t<h2 class=\"elementor-heading-title elementor-size-default\">Guichet-Emplois Canada<\/h2>\t\t\t\t<\/div>\n\t\t\t\t<\/div>\n\t\t\t\t<div class=\"elementor-element elementor-element-43e8f48 elementor-widget elementor-widget-text-editor\" data-id=\"43e8f48\" data-element_type=\"widget\" data-e-type=\"widget\" data-widget_type=\"text-editor.default\">\n\t\t\t\t<div class=\"elementor-widget-container\">\n\t\t\t\t\t\t\t\t\t<p>Recherchez des postes ou des domaines de travail pr\u00e9cis et explorez notre vaste gamme d'outils, comme des questionnaires sur les carri\u00e8res, un cr\u00e9ateur de CV, des analyses des tendances et plus encore! Les chercheurs d'emploi peuvent \u00e9galement acc\u00e9der gratuitement \u00e0 de l'information sur le march\u00e9 du travail et les carri\u00e8res. <a class=\"text-decoration-underline link-red-wine\" href=\"https:\/\/www.jobbank.gc.ca\/home\" target=\"_blank\" rel=\"noopener\">Visitez le Guichet emplois<\/a>.<\/p>\t\t\t\t\t\t\t\t<\/div>\n\t\t\t\t<\/div>\n\t\t\t\t<\/div>\n\t\t<div class=\"elementor-element elementor-element-7a12736 e-con-full bg-white p-4 p-xl-5 rounded-5 mb-5 e-flex e-con e-child\" data-id=\"7a12736\" data-element_type=\"container\" data-e-type=\"container\" id=\"byj-box-4\">\n\t\t\t\t<div class=\"elementor-element elementor-element-769e8cf fs-2 elementor-widget elementor-widget-heading\" data-id=\"769e8cf\" data-element_type=\"widget\" data-e-type=\"widget\" data-widget_type=\"heading.default\">\n\t\t\t\t<div class=\"elementor-widget-container\">\n\t\t\t\t\t<h2 class=\"elementor-heading-title elementor-size-default\">Espace de documentation pour les chercheurs d'emploi  <\/h2>\t\t\t\t<\/div>\n\t\t\t\t<\/div>\n\t\t\t\t<div class=\"elementor-element elementor-element-66b904d elementor-widget elementor-widget-text-editor\" data-id=\"66b904d\" data-element_type=\"widget\" data-e-type=\"widget\" data-widget_type=\"text-editor.default\">\n\t\t\t\t<div class=\"elementor-widget-container\">\n\t\t\t\t\t\t\t\t\tAcc\u00e9dez \u00e0\u202f notre collection de ressources en ligne, con\u00e7ues pour vous aider dans votre recherche d'emploi. Vous y trouverez un large gamme de guides, de fiches-conseils, de vid\u00e9os et de liens. <a class=\"text-decoration-underline link-red-wine\" href=\"\/fr\/chercheurs-d-emploi\/centre-de-ressources\/\">Visitez la salle de ressources pour les chercheurs d'emploi<\/a>.\t\t\t\t\t\t\t\t<\/div>\n\t\t\t\t<\/div>\n\t\t\t\t<\/div>\n\t\t<div class=\"elementor-element elementor-element-2ef1207 e-con-full bg-white p-4 p-xl-5 rounded-5 mb-5 e-flex e-con e-child\" data-id=\"2ef1207\" data-element_type=\"container\" data-e-type=\"container\" id=\"byj-box-5\">\n\t\t\t\t<div class=\"elementor-element elementor-element-fd18f1e fs-2 elementor-widget elementor-widget-heading\" data-id=\"fd18f1e\" data-element_type=\"widget\" data-e-type=\"widget\" data-widget_type=\"heading.default\">\n\t\t\t\t<div class=\"elementor-widget-container\">\n\t\t\t\t\t<h2 class=\"elementor-heading-title elementor-size-default\">Soutien suppl\u00e9mentaire<\/h2>\t\t\t\t<\/div>\n\t\t\t\t<\/div>\n\t\t\t\t<div class=\"elementor-element elementor-element-5ad3471 elementor-widget elementor-widget-text-editor\" data-id=\"5ad3471\" data-element_type=\"widget\" data-e-type=\"widget\" data-widget_type=\"text-editor.default\">\n\t\t\t\t<div class=\"elementor-widget-container\">\n\t\t\t\t\t\t\t\t\t<p>N'h\u00e9sitez pas \u00e0 utiliser l'une des options suivantes pour nous contacter :<\/p><p><a id=\"liveChatLink\" class=\"text-decoration-underline link-red-wine\" href=\"#\">Fonction de clavardage<\/a> en direct ou <br \/>Appelez-nous au <a class=\"text-decoration-underline link-red-wine\" href=\"tel:+1-888-353-8140\">1-888-353-8140<\/a><br \/><script>\ndocument.getElementById(\"liveChatLink\").addEventListener(\"click\", function(event) {\n    event.preventDefault();\n    window.Comm100API.open_chat_window();\n});\n<\/script><\/p>\t\t\t\t\t\t\t\t<\/div>\n\t\t\t\t<\/div>\n\t\t\t\t<\/div>\n\t\t\t\t\t<\/div>\n\t\t\t\t<\/div>\n\t\t\t\t<\/div>","protected":false},"excerpt":{"rendered":"<p>Find a job that works for you! Get Started Program Eligibility Criteria You must be of legal working age, be a resident of Ontario, and be eligible to work in Canada. Please note that International Students or Temporary Foreign Workers are not eligible. Get free support from an Employment Consultant Get free 1 to 1 [&hellip;]<\/p>\n","protected":false},"author":2,"featured_media":0,"parent":0,"menu_order":0,"comment_status":"closed","ping_status":"closed","template":"","meta":{"footnotes":""},"class_list":["post-31","page","type-page","status-publish","hentry"],"featured_image_src":null,"featured_image_src_square":null,"_links":{"self":[{"href":"https:\/\/eoworks.ca\/fr\/wp-json\/wp\/v2\/pages\/31","targetHints":{"allow":["GET"]}}],"collection":[{"href":"https:\/\/eoworks.ca\/fr\/wp-json\/wp\/v2\/pages"}],"about":[{"href":"https:\/\/eoworks.ca\/fr\/wp-json\/wp\/v2\/types\/page"}],"author":[{"embeddable":true,"href":"https:\/\/eoworks.ca\/fr\/wp-json\/wp\/v2\/users\/2"}],"replies":[{"embeddable":true,"href":"https:\/\/eoworks.ca\/fr\/wp-json\/wp\/v2\/comments?post=31"}],"version-history":[{"count":0,"href":"https:\/\/eoworks.ca\/fr\/wp-json\/wp\/v2\/pages\/31\/revisions"}],"wp:attachment":[{"href":"https:\/\/eoworks.ca\/fr\/wp-json\/wp\/v2\/media?parent=31"}],"curies":[{"name":"wp","href":"https:\/\/api.w.org\/{rel}","templated":true}]}}